{"id":741,"date":"2025-03-03T10:03:46","date_gmt":"2025-03-03T10:03:46","guid":{"rendered":"https:\/\/bosquepicua.pt\/?page_id=741"},"modified":"2025-03-25T12:18:04","modified_gmt":"2025-03-25T12:18:04","slug":"homepage","status":"publish","type":"page","link":"https:\/\/bosquepicua.pt\/","title":{"rendered":"Homepage PT"},"content":{"rendered":"\t\t<div data-elementor-type=\"wp-page\" data-elementor-id=\"741\" class=\"elementor elementor-741\" data-elementor-post-type=\"page\">\n\t\t\t\t<div class=\"elementor-element elementor-element-21f6d63 e-con-full elementor-hidden-mobile e-flex elementor-invisible e-con e-parent\" data-id=\"21f6d63\" data-element_type=\"container\" data-settings=\"{&quot;background_background&quot;:&quot;video&quot;,&quot;animation&quot;:&quot;fadeIn&quot;,&quot;background_video_link&quot;:&quot;https:\\\/\\\/bosquepicua.pt\\\/wp-content\\\/uploads\\\/2025\\\/03\\\/Short_website_horizontal_2.mp4&quot;,&quot;background_privacy_mode&quot;:&quot;yes&quot;}\">\n\t\t<div class=\"elementor-background-video-container elementor-hidden-mobile\">\n\t\t\t\t\t\t\t<video class=\"elementor-background-video-hosted elementor-html5-video\" autoplay muted playsinline loop><\/video>\n\t\t\t\t\t<\/div><div class=\"elementor-element elementor-element-3e31fff e-flex e-con-boxed e-con e-child\" data-id=\"3e31fff\" data-element_type=\"container\">\n\t\t\t\t\t<div class=\"e-con-inner\">\n\t\t\t\t<div class=\"elementor-element elementor-element-d8ef354 elementor-invisible elementor-widget elementor-widget-heading\" data-id=\"d8ef354\" data-element_type=\"widget\" data-settings=\"{&quot;_animation&quot;:&quot;fadeInUp&quot;,&quot;_animation_delay&quot;:100}\" data-widget_type=\"heading.default\">\n\t\t\t\t<div class=\"elementor-widget-container\">\n\t\t\t<h1 class=\"elementor-heading-title elementor-size-default\">Um Ref\u00fagio para Crescer,<br>\nViver e Florescer.<\/h1>\t\t<\/div>\n\t\t\t\t<\/div>\n\t\t\t\t<div class=\"elementor-element elementor-element-d4cbbd0 elementor-align-center elementor-invisible elementor-widget elementor-widget-button\" data-id=\"d4cbbd0\" data-element_type=\"widget\" data-settings=\"{&quot;_animation&quot;:&quot;fadeInUp&quot;,&quot;_animation_delay&quot;:100}\" data-widget_type=\"button.default\">\n\t\t\t\t<div class=\"elementor-widget-container\">\n\t\t\t\t\t\t\t<div class=\"elementor-button-wrapper\">\n\t\t\t\t\t<a class=\"elementor-button elementor-button-link elementor-size-sm\" href=\"#video-popup\">\n\t\t\t\t\t\t<span class=\"elementor-button-content-wrapper\">\n\t\t\t\t\t\t\t\t\t<span class=\"elementor-button-text\">Ver V\u00eddeo Completo<\/span>\n\t\t\t\t\t<\/span>\n\t\t\t\t\t<\/a>\n\t\t\t\t<\/div>\n\t\t\t\t\t\t<\/div>\n\t\t\t\t<\/div>\n\t\t\t\t\t<\/div>\n\t\t\t\t<\/div>\n\t\t\t\t<div class=\"elementor-element elementor-element-ad4c43f elementor-absolute up-down elementor-view-default elementor-widget elementor-widget-icon\" data-id=\"ad4c43f\" data-element_type=\"widget\" data-settings=\"{&quot;_position&quot;:&quot;absolute&quot;}\" data-widget_type=\"icon.default\">\n\t\t\t\t<div class=\"elementor-widget-container\">\n\t\t\t\t\t<div class=\"elementor-icon-wrapper\">\n\t\t\t<div class=\"elementor-icon\">\n\t\t\t<svg xmlns=\"http:\/\/www.w3.org\/2000\/svg\" id=\"b\" width=\"17.99mm\" height=\"17.99mm\" viewBox=\"0 0 51 51\"><path d=\"M25.5,41.82c-.26,0-.52-.09-.73-.28L2.07,21.43c-.46-.4-.5-1.1-.09-1.55.4-.46,1.1-.5,1.55-.09l21.97,19.47,21.97-19.47c.45-.4,1.15-.36,1.55.09.4.45.36,1.15-.09,1.55l-22.7,20.12c-.21.18-.47.28-.73.28Z\" fill=\"#fff\"><\/path><\/svg>\t\t\t<\/div>\n\t\t<\/div>\n\t\t\t\t<\/div>\n\t\t\t\t<\/div>\n\t\t<div class=\"elementor-element elementor-element-5fbc8fe e-con-full sliding-text e-flex e-con e-child\" data-id=\"5fbc8fe\" data-element_type=\"container\" data-settings=\"{&quot;position&quot;:&quot;absolute&quot;,&quot;background_background&quot;:&quot;classic&quot;}\">\n\t\t\t\t<div class=\"elementor-element elementor-element-fae6db6 elementor-widget__width-auto elementor-widget elementor-widget-heading\" data-id=\"fae6db6\" data-element_type=\"widget\" data-widget_type=\"heading.default\">\n\t\t\t\t<div class=\"elementor-widget-container\">\n\t\t\t<h2 class=\"elementor-heading-title elementor-size-default\">EM FASE DE COMERCIALIZA\u00c7\u00c3O  -  APARTAMENTOS T0 \/ T1 \/ T2 \/ T3 \/ T4  -  FALE CONNOSCO 910 338 595 -<\/h2>\t\t<\/div>\n\t\t\t\t<\/div>\n\t\t\t\t<\/div>\n\t\t\t\t<\/div>\n\t\t<div class=\"elementor-element elementor-element-54c3205 e-con-full elementor-hidden-desktop elementor-hidden-tablet e-flex elementor-invisible e-con e-parent\" data-id=\"54c3205\" data-element_type=\"container\" data-settings=\"{&quot;background_background&quot;:&quot;video&quot;,&quot;animation&quot;:&quot;fadeIn&quot;,&quot;background_video_link&quot;:&quot;https:\\\/\\\/bosquepicua.pt\\\/wp-content\\\/uploads\\\/2025\\\/03\\\/Short_website_vertical_2.mp4&quot;,&quot;background_play_on_mobile&quot;:&quot;yes&quot;,&quot;background_privacy_mode&quot;:&quot;yes&quot;}\">\n\t\t<div class=\"elementor-background-video-container\">\n\t\t\t\t\t\t\t<video class=\"elementor-background-video-hosted elementor-html5-video\" autoplay muted playsinline loop><\/video>\n\t\t\t\t\t<\/div><div class=\"elementor-element elementor-element-30999ec e-flex e-con-boxed e-con e-child\" data-id=\"30999ec\" data-element_type=\"container\">\n\t\t\t\t\t<div class=\"e-con-inner\">\n\t\t\t\t<div class=\"elementor-element elementor-element-9678a9e elementor-invisible elementor-widget elementor-widget-heading\" data-id=\"9678a9e\" data-element_type=\"widget\" data-settings=\"{&quot;_animation&quot;:&quot;fadeInUp&quot;,&quot;_animation_delay&quot;:100}\" data-widget_type=\"heading.default\">\n\t\t\t\t<div class=\"elementor-widget-container\">\n\t\t\t<h1 class=\"elementor-heading-title elementor-size-default\">Um Ref\u00fagio para Crescer,<br>\nViver e Florescer.<\/h1>\t\t<\/div>\n\t\t\t\t<\/div>\n\t\t\t\t<div class=\"elementor-element elementor-element-6f6ad99 elementor-align-center elementor-invisible elementor-widget elementor-widget-button\" data-id=\"6f6ad99\" data-element_type=\"widget\" data-settings=\"{&quot;_animation&quot;:&quot;fadeInUp&quot;,&quot;_animation_delay&quot;:100}\" data-widget_type=\"button.default\">\n\t\t\t\t<div class=\"elementor-widget-container\">\n\t\t\t\t\t\t\t<div class=\"elementor-button-wrapper\">\n\t\t\t\t\t<a class=\"elementor-button elementor-button-link elementor-size-sm\" href=\"#video-popup\">\n\t\t\t\t\t\t<span class=\"elementor-button-content-wrapper\">\n\t\t\t\t\t\t\t\t\t<span class=\"elementor-button-text\">Ver V\u00eddeo<\/span>\n\t\t\t\t\t<\/span>\n\t\t\t\t\t<\/a>\n\t\t\t\t<\/div>\n\t\t\t\t\t\t<\/div>\n\t\t\t\t<\/div>\n\t\t\t\t\t<\/div>\n\t\t\t\t<\/div>\n\t\t\t\t<div class=\"elementor-element elementor-element-fddb760 elementor-absolute up-down elementor-view-default elementor-widget elementor-widget-icon\" data-id=\"fddb760\" data-element_type=\"widget\" data-settings=\"{&quot;_position&quot;:&quot;absolute&quot;}\" data-widget_type=\"icon.default\">\n\t\t\t\t<div class=\"elementor-widget-container\">\n\t\t\t\t\t<div class=\"elementor-icon-wrapper\">\n\t\t\t<div class=\"elementor-icon\">\n\t\t\t<svg xmlns=\"http:\/\/www.w3.org\/2000\/svg\" id=\"b\" width=\"17.99mm\" height=\"17.99mm\" viewBox=\"0 0 51 51\"><path d=\"M25.5,41.82c-.26,0-.52-.09-.73-.28L2.07,21.43c-.46-.4-.5-1.1-.09-1.55.4-.46,1.1-.5,1.55-.09l21.97,19.47,21.97-19.47c.45-.4,1.15-.36,1.55.09.4.45.36,1.15-.09,1.55l-22.7,20.12c-.21.18-.47.28-.73.28Z\" fill=\"#fff\"><\/path><\/svg>\t\t\t<\/div>\n\t\t<\/div>\n\t\t\t\t<\/div>\n\t\t\t\t<\/div>\n\t\t<div class=\"elementor-element elementor-element-a954707 e-con-full sliding-text e-flex e-con e-child\" data-id=\"a954707\" data-element_type=\"container\" data-settings=\"{&quot;position&quot;:&quot;absolute&quot;,&quot;background_background&quot;:&quot;classic&quot;}\">\n\t\t\t\t<div class=\"elementor-element elementor-element-1a0c4a9 elementor-widget__width-auto elementor-widget elementor-widget-heading\" data-id=\"1a0c4a9\" data-element_type=\"widget\" data-widget_type=\"heading.default\">\n\t\t\t\t<div class=\"elementor-widget-container\">\n\t\t\t<h2 class=\"elementor-heading-title elementor-size-default\">EM FASE DE COMERCIALIZA\u00c7\u00c3O  -  APARTAMENTOS T0 \/ T1 \/ T2 \/ T3 \/ T4  -  FALE CONNOSCO 910 338 595 -<\/h2>\t\t<\/div>\n\t\t\t\t<\/div>\n\t\t\t\t<\/div>\n\t\t\t\t<\/div>\n\t\t<div class=\"elementor-element elementor-element-d19b45e e-con-full e-flex elementor-invisible e-con e-parent\" data-id=\"d19b45e\" data-element_type=\"container\" data-settings=\"{&quot;animation&quot;:&quot;fadeInUp&quot;}\">\n\t\t\t\t<div class=\"elementor-element elementor-element-c941968 elementor-widget elementor-widget-image\" data-id=\"c941968\" data-element_type=\"widget\" data-widget_type=\"image.default\">\n\t\t\t\t<div class=\"elementor-widget-container\">\n\t\t\t\t\t\t\t\t\t\t\t\t\t<img decoding=\"async\" width=\"160\" height=\"160\" src=\"https:\/\/bosquepicua.pt\/wp-content\/uploads\/2024\/12\/Bosque_symbol.png\" class=\"attachment-medium size-medium wp-image-661\" alt=\"\" srcset=\"https:\/\/bosquepicua.pt\/wp-content\/uploads\/2024\/12\/Bosque_symbol.png 160w, https:\/\/bosquepicua.pt\/wp-content\/uploads\/2024\/12\/Bosque_symbol-150x150.png 150w\" sizes=\"(max-width: 160px) 100vw, 160px\" \/>\t\t\t\t\t\t\t\t\t\t\t\t\t<\/div>\n\t\t\t\t<\/div>\n\t\t\t\t<div class=\"elementor-element elementor-element-8ab3e3a elementor-widget__width-initial elementor-widget elementor-widget-heading\" data-id=\"8ab3e3a\" data-element_type=\"widget\" data-widget_type=\"heading.default\">\n\t\t\t\t<div class=\"elementor-widget-container\">\n\t\t\t<h2 class=\"elementor-heading-title elementor-size-default\">O Bosque \u00e9 um ref\u00fagio onde seguran\u00e7a, sustentabilidade, conforto e inova\u00e7\u00e3o se unem para criar um ambiente de tranquilidade e bem-estar.<br><br>\n\nDesenvolvido pela Adopthouse, integra-se harmoniosamente na paisagem, combinando natureza, solidez construtiva e tecnologia anti-s\u00edsmica. Com tipologias de T0 a T4, est\u00e1 em fase de constru\u00e7\u00e3o e comercializa\u00e7\u00e3o, oferecendo solu\u00e7\u00f5es para diferentes estilos de vida.<\/h2>\t\t<\/div>\n\t\t\t\t<\/div>\n\t\t\t\t<\/div>\n\t\t<div class=\"elementor-element elementor-element-6c9c375 e-con-full e-flex e-con e-parent\" data-id=\"6c9c375\" data-element_type=\"container\">\n\t\t<a class=\"elementor-element elementor-element-8fdb2e3 e-con-full e-flex elementor-invisible e-con e-child\" data-id=\"8fdb2e3\" data-element_type=\"container\" data-settings=\"{&quot;background_background&quot;:&quot;classic&quot;,&quot;animation&quot;:&quot;fadeInUp&quot;}\" href=\"https:\/\/bosquepicua.pt\/index.php\/projeto\/\">\n\t\t\t\t<div class=\"elementor-element elementor-element-82b0314 elementor-invisible elementor-widget elementor-widget-heading\" data-id=\"82b0314\" data-element_type=\"widget\" data-settings=\"{&quot;_animation&quot;:&quot;fadeInUp&quot;,&quot;_animation_delay&quot;:100}\" data-widget_type=\"heading.default\">\n\t\t\t\t<div class=\"elementor-widget-container\">\n\t\t\t<h3 class=\"elementor-heading-title elementor-size-default\">Bem-vindo ao bosque<\/h3>\t\t<\/div>\n\t\t\t\t<\/div>\n\t\t\t\t<div class=\"elementor-element elementor-element-0f9f178 elementor-invisible elementor-widget elementor-widget-heading\" data-id=\"0f9f178\" data-element_type=\"widget\" data-settings=\"{&quot;_animation&quot;:&quot;fadeInUp&quot;,&quot;_animation_delay&quot;:100}\" data-widget_type=\"heading.default\">\n\t\t\t\t<div class=\"elementor-widget-container\">\n\t\t\t<p class=\"elementor-heading-title elementor-size-default\">Projeto<\/p>\t\t<\/div>\n\t\t\t\t<\/div>\n\t\t\t\t<\/a>\n\t\t<a class=\"elementor-element elementor-element-5458a00 e-con-full e-flex elementor-invisible e-con e-child\" data-id=\"5458a00\" data-element_type=\"container\" data-settings=\"{&quot;background_background&quot;:&quot;classic&quot;,&quot;animation&quot;:&quot;fadeInUp&quot;}\" href=\"https:\/\/bosquepicua.pt\/index.php\/apartamentos\/\">\n\t\t\t\t<div class=\"elementor-element elementor-element-20a2bb6 elementor-invisible elementor-widget elementor-widget-heading\" data-id=\"20a2bb6\" data-element_type=\"widget\" data-settings=\"{&quot;_animation&quot;:&quot;fadeInUp&quot;,&quot;_animation_delay&quot;:100}\" data-widget_type=\"heading.default\">\n\t\t\t\t<div class=\"elementor-widget-container\">\n\t\t\t<h3 class=\"elementor-heading-title elementor-size-default\">Um ref\u00fagio perfeito<\/h3>\t\t<\/div>\n\t\t\t\t<\/div>\n\t\t\t\t<div class=\"elementor-element elementor-element-9eb498b elementor-invisible elementor-widget elementor-widget-heading\" data-id=\"9eb498b\" data-element_type=\"widget\" data-settings=\"{&quot;_animation&quot;:&quot;fadeInUp&quot;,&quot;_animation_delay&quot;:100}\" data-widget_type=\"heading.default\">\n\t\t\t\t<div class=\"elementor-widget-container\">\n\t\t\t<p class=\"elementor-heading-title elementor-size-default\">Apartamentos<\/p>\t\t<\/div>\n\t\t\t\t<\/div>\n\t\t\t\t<\/a>\n\t\t\t\t<\/div>\n\t\t<div class=\"elementor-element elementor-element-ee56df5 e-con-full e-flex e-con e-parent\" data-id=\"ee56df5\" data-element_type=\"container\">\n\t\t<a class=\"elementor-element elementor-element-e50e3a5 e-con-full e-flex elementor-invisible e-con e-child\" data-id=\"e50e3a5\" data-element_type=\"container\" data-settings=\"{&quot;background_background&quot;:&quot;classic&quot;,&quot;animation&quot;:&quot;fadeInUp&quot;}\" href=\"https:\/\/bosquepicua.pt\/index.php\/disponibilidades\/\">\n\t\t\t\t<div class=\"elementor-element elementor-element-25b0056 elementor-invisible elementor-widget elementor-widget-heading\" data-id=\"25b0056\" data-element_type=\"widget\" data-settings=\"{&quot;_animation&quot;:&quot;fadeInUp&quot;,&quot;_animation_delay&quot;:100}\" data-widget_type=\"heading.default\">\n\t\t\t\t<div class=\"elementor-widget-container\">\n\t\t\t<h3 class=\"elementor-heading-title elementor-size-default\">Escolha a sua casa<\/h3>\t\t<\/div>\n\t\t\t\t<\/div>\n\t\t\t\t<div class=\"elementor-element elementor-element-3059024 elementor-invisible elementor-widget elementor-widget-heading\" data-id=\"3059024\" data-element_type=\"widget\" data-settings=\"{&quot;_animation&quot;:&quot;fadeInUp&quot;,&quot;_animation_delay&quot;:100}\" data-widget_type=\"heading.default\">\n\t\t\t\t<div class=\"elementor-widget-container\">\n\t\t\t<p class=\"elementor-heading-title elementor-size-default\">Disponibilidades<\/p>\t\t<\/div>\n\t\t\t\t<\/div>\n\t\t\t\t<\/a>\n\t\t<a class=\"elementor-element elementor-element-0bbfa20 e-con-full e-flex elementor-invisible e-con e-child\" data-id=\"0bbfa20\" data-element_type=\"container\" data-settings=\"{&quot;background_background&quot;:&quot;classic&quot;,&quot;animation&quot;:&quot;fadeInUp&quot;}\" href=\"https:\/\/bosquepicua.pt\/index.php\/localizacao\/\">\n\t\t\t\t<div class=\"elementor-element elementor-element-7be2c54 elementor-invisible elementor-widget elementor-widget-heading\" data-id=\"7be2c54\" data-element_type=\"widget\" data-settings=\"{&quot;_animation&quot;:&quot;fadeInUp&quot;,&quot;_animation_delay&quot;:100}\" data-widget_type=\"heading.default\">\n\t\t\t\t<div class=\"elementor-widget-container\">\n\t\t\t<h3 class=\"elementor-heading-title elementor-size-default\">Viver no Porto<\/h3>\t\t<\/div>\n\t\t\t\t<\/div>\n\t\t\t\t<div class=\"elementor-element elementor-element-d4d3fc5 elementor-invisible elementor-widget elementor-widget-heading\" data-id=\"d4d3fc5\" data-element_type=\"widget\" data-settings=\"{&quot;_animation&quot;:&quot;fadeInUp&quot;,&quot;_animation_delay&quot;:100}\" data-widget_type=\"heading.default\">\n\t\t\t\t<div class=\"elementor-widget-container\">\n\t\t\t<p class=\"elementor-heading-title elementor-size-default\">Localiza\u00e7\u00e3o<\/p>\t\t<\/div>\n\t\t\t\t<\/div>\n\t\t\t\t<\/a>\n\t\t\t\t<\/div>\n\t\t\t\t<\/div>\n\t\t","protected":false},"excerpt":{"rendered":"<p>Um Ref\u00fagio para Crescer, Viver e Florescer. Ver V\u00eddeo Completo EM FASE DE COMERCIALIZA\u00c7\u00c3O &#8211; APARTAMENTOS T0 \/ T1 \/ T2 \/ T3 \/ T4 &#8211; FALE CONNOSCO 910 338 595 &#8211; Um Ref\u00fagio para Crescer, Viver e Florescer. Ver V\u00eddeo EM FASE DE COMERCIALIZA\u00c7\u00c3O &#8211; APARTAMENTOS T0 \/ T1 \/ T2 \/ T3 \/ [&hellip;]<\/p>\n","protected":false},"author":1,"featured_media":0,"parent":0,"menu_order":0,"comment_status":"closed","ping_status":"closed","template":"","meta":{"inline_featured_image":false,"footnotes":""},"class_list":["post-741","page","type-page","status-publish","hentry"],"_links":{"self":[{"href":"https:\/\/bosquepicua.pt\/index.php\/wp-json\/wp\/v2\/pages\/741","targetHints":{"allow":["GET"]}}],"collection":[{"href":"https:\/\/bosquepicua.pt\/index.php\/wp-json\/wp\/v2\/pages"}],"about":[{"href":"https:\/\/bosquepicua.pt\/index.php\/wp-json\/wp\/v2\/types\/page"}],"author":[{"embeddable":true,"href":"https:\/\/bosquepicua.pt\/index.php\/wp-json\/wp\/v2\/users\/1"}],"replies":[{"embeddable":true,"href":"https:\/\/bosquepicua.pt\/index.php\/wp-json\/wp\/v2\/comments?post=741"}],"version-history":[{"count":113,"href":"https:\/\/bosquepicua.pt\/index.php\/wp-json\/wp\/v2\/pages\/741\/revisions"}],"predecessor-version":[{"id":2063,"href":"https:\/\/bosquepicua.pt\/index.php\/wp-json\/wp\/v2\/pages\/741\/revisions\/2063"}],"wp:attachment":[{"href":"https:\/\/bosquepicua.pt\/index.php\/wp-json\/wp\/v2\/media?parent=741"}],"curies":[{"name":"wp","href":"https:\/\/api.w.org\/{rel}","templated":true}]}}